{"id":2378,"date":"2025-08-27T13:31:18","date_gmt":"2025-08-27T12:31:18","guid":{"rendered":"https:\/\/www.ayming.be\/innovation-consultant\/"},"modified":"2025-11-05T17:51:57","modified_gmt":"2025-11-05T17:51:57","slug":"innovation-consultant","status":"publish","type":"page","link":"https:\/\/www.ayming.be\/en\/careers\/life-at-ayming\/innovation-consultant\/","title":{"rendered":"Innovation consultant"},"content":{"rendered":"    <section\n        class=\"wp-block-breadcrumbs wp-block wp-block-breadcrumbs--has-border wp-block--first-block layout--spacing-xxxs-top layout--spacing-xxxs-bottom bg--light-blue\"\n            >\n        <div class=\"wp-block-breadcrumbs__container\">\n            <nav class=\"wp-block-breadcrumbs__nav\" aria-label=\"Breadcrumb\">\n                <nav aria-label=\"breadcrumbs\" class=\"rank-math-breadcrumb\"><p><span class=\"last btn btn--tertiary\">Home<\/span><\/p><\/nav>            <\/nav>\n        <\/div>\n    <\/section>\n \n\n\n<section\n    class=\"wp-block-banner wp-block wp-block-banner--image wp-block-banner--reverse-order wp-block-banner--highlight-image layout--spacing-xxl-top layout--spacing-xxl-bottom bg--light-blue\"\n        >\n        <div class=\"wp-block-banner__container\">\n        <div class=\"wp-component-content wp-block-banner__content\">\n    <div class=\"wp-component-content__inner\">\n                <p class=\"wp-component-heading body wp-component-content__eyebrow\">\n    Bratislava, Slovakia<\/p>        <h1 class=\"wp-component-heading text--h2 wp-component-content__title\">\n    Meet Andrea<\/h1>                    <div class=\"wp-component-content__content wysiwyg\">\n                <p class=\"text--h6\">Senior Innovation Consultant @ Ayming<\/p>\n<p>#MaterialsScience #TechnicalExpertise #CrossSectorExpertise #EUFunding #Engineering<\/p>\n            <\/div>\n                    <\/div>\n    <\/div>                    <div class=\"wp-block-banner__col\">\n                                    <div class=\"wp-block-banner__image\">\n                        <img loading=\"lazy\" decoding=\"async\" width=\"524\" height=\"524\" src=\"https:\/\/www.ayming.be\/wp-content\/uploads\/sites\/9\/2025\/10\/ADAMCIKOVA-Andrea-aymer-story-testimonial.jpg\" class=\"attachment-1-1-default size-1-1-default\" alt=\"\" srcset=\"https:\/\/www.ayming.be\/wp-content\/uploads\/sites\/9\/2025\/10\/ADAMCIKOVA-Andrea-aymer-story-testimonial.jpg 524w, https:\/\/www.ayming.be\/wp-content\/uploads\/sites\/9\/2025\/10\/ADAMCIKOVA-Andrea-aymer-story-testimonial-300x300.jpg 300w, https:\/\/www.ayming.be\/wp-content\/uploads\/sites\/9\/2025\/10\/ADAMCIKOVA-Andrea-aymer-story-testimonial-150x150.jpg 150w, https:\/\/www.ayming.be\/wp-content\/uploads\/sites\/9\/2025\/10\/ADAMCIKOVA-Andrea-aymer-story-testimonial-176x176.jpg 176w, https:\/\/www.ayming.be\/wp-content\/uploads\/sites\/9\/2025\/10\/ADAMCIKOVA-Andrea-aymer-story-testimonial-32x32.jpg 32w, https:\/\/www.ayming.be\/wp-content\/uploads\/sites\/9\/2025\/10\/ADAMCIKOVA-Andrea-aymer-story-testimonial-132x132.jpg 132w\" sizes=\"auto, (max-width: 524px) 100vw, 524px\" \/>                    <\/div>\n                            <\/div>\n            <\/div>\n<\/section>\n\n\n<section\n    class=\"wp-block-text-block wp-block wp-block-text-block--reduced-width layout--spacing-xxl-top layout--spacing-xxl-bottom bg--white\"\n    >\n                        <div class=\"wp-block-text-block__container wysiwyg fade-in\">\n                <p class=\"intro-text\"><strong data-start=\"157\" data-end=\"189\">My name is Andrea Adam\u010d\u00edkov\u00e1<\/strong>, and I\u2019m a <strong data-start=\"201\" data-end=\"252\">Senior Innovation Consultant at Ayming Slovakia<\/strong>, where I\u2019ve been helping companies turn their R&amp;D activities into real value since 2018. Before joining Ayming, I worked as a <strong data-start=\"379\" data-end=\"435\">research scientist at the Slovak Academy of Sciences<\/strong>, where I built a strong technical and analytical foundation.<\/p>\n            <\/div>\n            <\/section>\n\n\n<section\n    class=\"wp-block-testimonials-block wp-block layout--none-top layout--spacing-xxl-bottom bg--white\"\n    >\n    <div class=\"wp-block-testimonials-block__container\">\n                    <div class=\"wp-component-testimonials wp-block-testimonials-block__testimonials fade-in\">\n        <div class=\"swiper-wrapper wp-component-testimonials__swiper-wrapper\">\n                            <div class=\"swiper-slide wp-component-testimonials__slide js-wp-component-testimonials-slide\">\n                        <div class=\"wp-component-testimonial wp-component-testimonial--blue-box\">\n        <blockquote class=\"wp-component-testimonial__quote\">\n            <svg class='edwp-icon edwp-icon--med js-icon wp-component-testimonial__quote-icon wp-component-testimonial__quote-icon-start' aria-hidden='true'>\n                <use xlink:href='#quote'><\/use>\n            <\/svg>What I enjoy most is discovering how diverse and creative innovation can be \u2013 and helping clients transform their ideas into measurable impact.<svg class='edwp-icon edwp-icon--med js-icon wp-component-testimonial__quote-icon wp-component-testimonial__quote-icon-end' aria-hidden='true'>\n                <use xlink:href='#quote'><\/use>\n            <\/svg>        <\/blockquote>\n            <\/div>\n                <\/div>\n                    <\/div>\n            <\/div>\n            <\/div>\n<\/section>\n\n\n<section\n    class=\"wp-block-text-block wp-block wp-block-text-block--reduced-width layout--none-top layout--spacing-xxl-bottom bg--white\"\n    >\n                        <div class=\"wp-block-text-block__container wysiwyg fade-in\">\n                <h2>My work routine<\/h2>\n<p class=\"paragraph-large\">My workday is split between client communication, preparing and reviewing R&amp;D tax deduction documentation, and contributing to our internal methodology. I usually start my mornings with client meetings \u2013 in person whenever possible \u2013 and spend my afternoons focused on analysis, documentation, and mentoring younger colleagues.<\/p>\n            <\/div>\n            <\/section>\n\n\n<section\n    class=\"wp-block-key-content wp-block wp-block-key-content--dark-blue wp-block-key-content--columns-2 wp-block-key-content--callout-default wp-block-key-content--reduced-width layout--none-top layout--spacing-xxl-bottom bg--white\"\n    >\n    <div class=\"wp-block-key-content__container\">\n        <div class=\"wp-block-key-content__box\">\n            <div class=\"wp-component-content wp-component-content--dark wp-block-key-content__content fade-in\">\n    <div class=\"wp-component-content__inner\">\n                        <h2 class=\"wp-component-heading text--h5 wp-component-content__title\">\n    My main activities include<\/h2>                    <\/div>\n    <\/div>                            <div class=\"wp-block-key-content__key-items row-load\">\n                                            <article class=\"wp-component-card wp-component-card--white\">\n        <div class=\"wp-component-card__content\">\n                                                                    <div class=\"wp-component-card__icons\">\n                                    <div class=\"wp-component-card__icon-wrapper\">\n                        <div class=\"wp-component-card__icon-icon\">\n                            <img loading=\"lazy\" decoding=\"async\" width=\"32\" height=\"33\" src=\"https:\/\/www.ayming.be\/wp-content\/uploads\/sites\/9\/2025\/10\/Frame-183-32x33.png\" class=\"attachment-icon size-icon\" alt=\"\" srcset=\"https:\/\/www.ayming.be\/wp-content\/uploads\/sites\/9\/2025\/10\/Frame-183-32x33.png 32w, https:\/\/www.ayming.be\/wp-content\/uploads\/sites\/9\/2025\/10\/Frame-183.png 48w\" sizes=\"auto, (max-width: 32px) 100vw, 32px\" \/>                        <\/div>\n                        <p class=\"wp-component-card__icon-title\">\n                            Communicating with clients                        <\/p>\n                    <\/div>\n                                    <div class=\"wp-component-card__icon-wrapper\">\n                        <div class=\"wp-component-card__icon-icon\">\n                            <img loading=\"lazy\" decoding=\"async\" width=\"32\" height=\"21\" src=\"https:\/\/www.ayming.be\/wp-content\/uploads\/sites\/9\/2025\/10\/Sectors-Food-Beverage-AdobeStock_286481943-32x21.jpeg\" class=\"attachment-icon size-icon\" alt=\"\" srcset=\"https:\/\/www.ayming.be\/wp-content\/uploads\/sites\/9\/2025\/10\/Sectors-Food-Beverage-AdobeStock_286481943-32x21.jpeg 32w, https:\/\/www.ayming.be\/wp-content\/uploads\/sites\/9\/2025\/10\/Sectors-Food-Beverage-AdobeStock_286481943-300x200.jpeg 300w, https:\/\/www.ayming.be\/wp-content\/uploads\/sites\/9\/2025\/10\/Sectors-Food-Beverage-AdobeStock_286481943-1024x683.jpeg 1024w, https:\/\/www.ayming.be\/wp-content\/uploads\/sites\/9\/2025\/10\/Sectors-Food-Beverage-AdobeStock_286481943-768x512.jpeg 768w, https:\/\/www.ayming.be\/wp-content\/uploads\/sites\/9\/2025\/10\/Sectors-Food-Beverage-AdobeStock_286481943-1536x1025.jpeg 1536w, https:\/\/www.ayming.be\/wp-content\/uploads\/sites\/9\/2025\/10\/Sectors-Food-Beverage-AdobeStock_286481943-176x117.jpeg 176w, https:\/\/www.ayming.be\/wp-content\/uploads\/sites\/9\/2025\/10\/Sectors-Food-Beverage-AdobeStock_286481943.jpeg 1920w\" sizes=\"auto, (max-width: 32px) 100vw, 32px\" \/>                        <\/div>\n                        <p class=\"wp-component-card__icon-title\">\n                            Preparing and reviewing R&amp;D tax deduction documentation                        <\/p>\n                    <\/div>\n                                    <div class=\"wp-component-card__icon-wrapper\">\n                        <div class=\"wp-component-card__icon-icon\">\n                            <img loading=\"lazy\" decoding=\"async\" width=\"32\" height=\"21\" src=\"https:\/\/www.ayming.be\/wp-content\/uploads\/sites\/9\/2025\/10\/Sectors-Food-Beverage-AdobeStock_572712881-32x21.jpeg\" class=\"attachment-icon size-icon\" alt=\"\" srcset=\"https:\/\/www.ayming.be\/wp-content\/uploads\/sites\/9\/2025\/10\/Sectors-Food-Beverage-AdobeStock_572712881-32x21.jpeg 32w, https:\/\/www.ayming.be\/wp-content\/uploads\/sites\/9\/2025\/10\/Sectors-Food-Beverage-AdobeStock_572712881-300x200.jpeg 300w, https:\/\/www.ayming.be\/wp-content\/uploads\/sites\/9\/2025\/10\/Sectors-Food-Beverage-AdobeStock_572712881-1024x683.jpeg 1024w, https:\/\/www.ayming.be\/wp-content\/uploads\/sites\/9\/2025\/10\/Sectors-Food-Beverage-AdobeStock_572712881-768x512.jpeg 768w, https:\/\/www.ayming.be\/wp-content\/uploads\/sites\/9\/2025\/10\/Sectors-Food-Beverage-AdobeStock_572712881-1536x1024.jpeg 1536w, https:\/\/www.ayming.be\/wp-content\/uploads\/sites\/9\/2025\/10\/Sectors-Food-Beverage-AdobeStock_572712881-176x117.jpeg 176w, https:\/\/www.ayming.be\/wp-content\/uploads\/sites\/9\/2025\/10\/Sectors-Food-Beverage-AdobeStock_572712881.jpeg 1920w\" sizes=\"auto, (max-width: 32px) 100vw, 32px\" \/>                        <\/div>\n                        <p class=\"wp-component-card__icon-title\">\n                            Performing calculations and analyses                        <\/p>\n                    <\/div>\n                            <\/div>\n                    <\/div>\n<\/article><article class=\"wp-component-card wp-component-card--white\">\n        <div class=\"wp-component-card__content\">\n                                                                    <div class=\"wp-component-card__icons\">\n                                    <div class=\"wp-component-card__icon-wrapper\">\n                        <div class=\"wp-component-card__icon-icon\">\n                            <img loading=\"lazy\" decoding=\"async\" width=\"32\" height=\"18\" src=\"https:\/\/www.ayming.be\/wp-content\/uploads\/sites\/9\/2025\/10\/Sectors-Technology-Digital-Innovation-AdobeStock_1598271579-32x18.jpeg\" class=\"attachment-icon size-icon\" alt=\"\" srcset=\"https:\/\/www.ayming.be\/wp-content\/uploads\/sites\/9\/2025\/10\/Sectors-Technology-Digital-Innovation-AdobeStock_1598271579-32x18.jpeg 32w, https:\/\/www.ayming.be\/wp-content\/uploads\/sites\/9\/2025\/10\/Sectors-Technology-Digital-Innovation-AdobeStock_1598271579-300x169.jpeg 300w, https:\/\/www.ayming.be\/wp-content\/uploads\/sites\/9\/2025\/10\/Sectors-Technology-Digital-Innovation-AdobeStock_1598271579-1024x576.jpeg 1024w, https:\/\/www.ayming.be\/wp-content\/uploads\/sites\/9\/2025\/10\/Sectors-Technology-Digital-Innovation-AdobeStock_1598271579-768x432.jpeg 768w, https:\/\/www.ayming.be\/wp-content\/uploads\/sites\/9\/2025\/10\/Sectors-Technology-Digital-Innovation-AdobeStock_1598271579-1536x864.jpeg 1536w, https:\/\/www.ayming.be\/wp-content\/uploads\/sites\/9\/2025\/10\/Sectors-Technology-Digital-Innovation-AdobeStock_1598271579-1096x636.jpeg 1096w, https:\/\/www.ayming.be\/wp-content\/uploads\/sites\/9\/2025\/10\/Sectors-Technology-Digital-Innovation-AdobeStock_1598271579-176x99.jpeg 176w, https:\/\/www.ayming.be\/wp-content\/uploads\/sites\/9\/2025\/10\/Sectors-Technology-Digital-Innovation-AdobeStock_1598271579-1436x808.jpeg 1436w, https:\/\/www.ayming.be\/wp-content\/uploads\/sites\/9\/2025\/10\/Sectors-Technology-Digital-Innovation-AdobeStock_1598271579-981x569.jpeg 981w, https:\/\/www.ayming.be\/wp-content\/uploads\/sites\/9\/2025\/10\/Sectors-Technology-Digital-Innovation-AdobeStock_1598271579.jpeg 1920w\" sizes=\"auto, (max-width: 32px) 100vw, 32px\" \/>                        <\/div>\n                        <p class=\"wp-component-card__icon-title\">\n                            Mentoring and training junior colleagues                        <\/p>\n                    <\/div>\n                                    <div class=\"wp-component-card__icon-wrapper\">\n                        <div class=\"wp-component-card__icon-icon\">\n                            <img loading=\"lazy\" decoding=\"async\" width=\"32\" height=\"33\" src=\"https:\/\/www.ayming.be\/wp-content\/uploads\/sites\/9\/2025\/10\/Frame-180-32x33.png\" class=\"attachment-icon size-icon\" alt=\"\" srcset=\"https:\/\/www.ayming.be\/wp-content\/uploads\/sites\/9\/2025\/10\/Frame-180-32x33.png 32w, https:\/\/www.ayming.be\/wp-content\/uploads\/sites\/9\/2025\/10\/Frame-180.png 48w\" sizes=\"auto, (max-width: 32px) 100vw, 32px\" \/>                        <\/div>\n                        <p class=\"wp-component-card__icon-title\">\n                            Collaborating on internal methodology development                        <\/p>\n                    <\/div>\n                                    <div class=\"wp-component-card__icon-wrapper\">\n                        <div class=\"wp-component-card__icon-icon\">\n                            <img loading=\"lazy\" decoding=\"async\" width=\"32\" height=\"21\" src=\"https:\/\/www.ayming.be\/wp-content\/uploads\/sites\/9\/2025\/10\/Sectors-Technology-Digital-Innovation-AdobeStock_576305740-32x21.jpeg\" class=\"attachment-icon size-icon\" alt=\"\" srcset=\"https:\/\/www.ayming.be\/wp-content\/uploads\/sites\/9\/2025\/10\/Sectors-Technology-Digital-Innovation-AdobeStock_576305740-32x21.jpeg 32w, https:\/\/www.ayming.be\/wp-content\/uploads\/sites\/9\/2025\/10\/Sectors-Technology-Digital-Innovation-AdobeStock_576305740-300x200.jpeg 300w, https:\/\/www.ayming.be\/wp-content\/uploads\/sites\/9\/2025\/10\/Sectors-Technology-Digital-Innovation-AdobeStock_576305740-1024x683.jpeg 1024w, https:\/\/www.ayming.be\/wp-content\/uploads\/sites\/9\/2025\/10\/Sectors-Technology-Digital-Innovation-AdobeStock_576305740-768x512.jpeg 768w, https:\/\/www.ayming.be\/wp-content\/uploads\/sites\/9\/2025\/10\/Sectors-Technology-Digital-Innovation-AdobeStock_576305740-1536x1024.jpeg 1536w, https:\/\/www.ayming.be\/wp-content\/uploads\/sites\/9\/2025\/10\/Sectors-Technology-Digital-Innovation-AdobeStock_576305740-176x117.jpeg 176w, https:\/\/www.ayming.be\/wp-content\/uploads\/sites\/9\/2025\/10\/Sectors-Technology-Digital-Innovation-AdobeStock_576305740.jpeg 1920w\" sizes=\"auto, (max-width: 32px) 100vw, 32px\" \/>                        <\/div>\n                        <p class=\"wp-component-card__icon-title\">\n                            Coordinating with the Financial Administration, Ministry of Economy, and SIEA                        <\/p>\n                    <\/div>\n                            <\/div>\n                    <\/div>\n<\/article>                                    <\/div>\n                    <\/div>\n    <\/div>\n<\/section>\n\n<section\n    class=\"wp-block-text-block wp-block wp-block-text-block--reduced-width layout--none-top layout--spacing-xxl-bottom bg--white\"\n    >\n                        <div class=\"wp-block-text-block__container wysiwyg fade-in\">\n                <h2>Typical projects I work on<\/h2>\n<p class=\"paragraph-large\">The projects I support range from engineering to the food industry. One example was the design and development of an automated stacking mechanism for vertical storage of plastic parts, optimizing production space. Another involved the development of a vegan confectionery recipe and production process \u2013 proving that innovation can come from any field.<\/p>\n            <\/div>\n            <\/section>\n\n\n<section\n    class=\"wp-block-testimonials-block wp-block layout--none-top layout--spacing-xxl-bottom bg--white\"\n    >\n    <div class=\"wp-block-testimonials-block__container\">\n                    <div class=\"wp-component-testimonials wp-block-testimonials-block__testimonials fade-in\">\n        <div class=\"swiper-wrapper wp-component-testimonials__swiper-wrapper\">\n                            <div class=\"swiper-slide wp-component-testimonials__slide js-wp-component-testimonials-slide\">\n                        <div class=\"wp-component-testimonial wp-component-testimonial--blue-box\">\n        <blockquote class=\"wp-component-testimonial__quote\">\n            <svg class='edwp-icon edwp-icon--med js-icon wp-component-testimonial__quote-icon wp-component-testimonial__quote-icon-start' aria-hidden='true'>\n                <use xlink:href='#quote'><\/use>\n            <\/svg>What I value most is the trust clients place in us \u2014 some have worked exclusively with me for years, even when approached by competitors.<svg class='edwp-icon edwp-icon--med js-icon wp-component-testimonial__quote-icon wp-component-testimonial__quote-icon-end' aria-hidden='true'>\n                <use xlink:href='#quote'><\/use>\n            <\/svg>        <\/blockquote>\n            <\/div>\n                <\/div>\n                    <\/div>\n            <\/div>\n            <\/div>\n<\/section>\n\n\n<section\n    class=\"wp-block-text-block wp-block wp-block-text-block--reduced-width layout--none-top layout--spacing-xxl-bottom bg--white\"\n    >\n                        <div class=\"wp-block-text-block__container wysiwyg fade-in\">\n                <h2>My team<\/h2>\n<p class=\"paragraph-large\">Our team is professional, open, and collaborative. We share knowledge freely and solve challenges together. The atmosphere is friendly yet focused, and we often organize informal gatherings outside of work \u2014 because great teamwork goes beyond office walls.<\/p>\n            <\/div>\n            <\/section>\n\n\n<section\n    class=\"wp-block-testimonials-block wp-block layout--none-top layout--spacing-xxl-bottom bg--white\"\n    >\n    <div class=\"wp-block-testimonials-block__container\">\n                    <div class=\"wp-component-testimonials wp-block-testimonials-block__testimonials fade-in\">\n        <div class=\"swiper-wrapper wp-component-testimonials__swiper-wrapper\">\n                            <div class=\"swiper-slide wp-component-testimonials__slide js-wp-component-testimonials-slide\">\n                        <div class=\"wp-component-testimonial wp-component-testimonial--blue-box\">\n        <blockquote class=\"wp-component-testimonial__quote\">\n            <svg class='edwp-icon edwp-icon--med js-icon wp-component-testimonial__quote-icon wp-component-testimonial__quote-icon-start' aria-hidden='true'>\n                <use xlink:href='#quote'><\/use>\n            <\/svg>If you want to grow, work independently, and still feel the strength of a supportive team behind you \u2014 Ayming is the right place to make an impact.<svg class='edwp-icon edwp-icon--med js-icon wp-component-testimonial__quote-icon wp-component-testimonial__quote-icon-end' aria-hidden='true'>\n                <use xlink:href='#quote'><\/use>\n            <\/svg>        <\/blockquote>\n            <\/div>\n                <\/div>\n                    <\/div>\n            <\/div>\n            <\/div>\n<\/section>\n\n\n<section\n    class=\"wp-block-cta-banner wp-block wp-block-cta-banner--reverse-order wp-block-cta-banner--blue-gradient wp-block-cta-banner--has-image layout--spacing-xxl-top layout--spacing-xxl-bottom bg--light-blue\"\n    >\n    <div class=\"wp-block-cta-banner__container\">\n                    <div class=\"wp-block-cta-banner__box\">\n                                    <div class=\"wp-block-cta-banner__image\">\n                    <img loading=\"lazy\" decoding=\"async\" width=\"981\" height=\"569\" src=\"https:\/\/www.ayming.be\/wp-content\/uploads\/sites\/9\/2025\/10\/Programmes-981x569.jpg\" class=\"attachment-content-width-sidebar-image size-content-width-sidebar-image\" alt=\"\" srcset=\"https:\/\/www.ayming.be\/wp-content\/uploads\/sites\/9\/2025\/10\/Programmes-981x569.jpg 981w, https:\/\/www.ayming.be\/wp-content\/uploads\/sites\/9\/2025\/10\/Programmes-1096x636.jpg 1096w\" sizes=\"auto, (max-width: 981px) 100vw, 981px\" \/>                <\/div>\n                        <div class=\"wp-block-cta-banner__inner fade-in\">\n                <div class=\"wp-block-cta-banner__content\">\n                    <h3 class=\"wp-component-heading text--h4 wp-block-cta-banner__heading\">\n    Start your Ayming <br>journey today<\/h3>                                            <div class=\"wp-block-cta-banner__wywisyg wysiwyg\">\n                            <p class=\"paragraph-large\">At Ayming, we turn ambition into action. \u2028Join a team that goes further together.<\/p>\n                        <\/div>\n                                    <\/div>\n                <a class=\"btn btn--primary btn--dark wp-block-cta-banner__button\" href=\"https:\/\/careers.smartrecruiters.com\/Ayming?search=consultant\" target=\"_blank\" rel=\"noopener\">Search consultants jobs<svg class='edwp-icon edwp-icon--xsm js-icon ' aria-hidden='true'>\n                <use xlink:href='#arrow'><\/use>\n            <\/svg><\/a>            <\/div>\n                    <\/div>\n            <\/div>\n<\/section> ","protected":false},"excerpt":{"rendered":"","protected":false},"author":1,"featured_media":0,"parent":1990,"menu_order":0,"comment_status":"closed","ping_status":"closed","template":"","meta":{"_acf_changed":false,"footnotes":""},"class_list":["post-2378","page","type-page","status-publish","hentry"],"acf":[],"_links":{"self":[{"href":"https:\/\/www.ayming.be\/en\/wp-json\/wp\/v2\/pages\/2378","targetHints":{"allow":["GET"]}}],"collection":[{"href":"https:\/\/www.ayming.be\/en\/wp-json\/wp\/v2\/pages"}],"about":[{"href":"https:\/\/www.ayming.be\/en\/wp-json\/wp\/v2\/types\/page"}],"author":[{"embeddable":true,"href":"https:\/\/www.ayming.be\/en\/wp-json\/wp\/v2\/users\/1"}],"replies":[{"embeddable":true,"href":"https:\/\/www.ayming.be\/en\/wp-json\/wp\/v2\/comments?post=2378"}],"version-history":[{"count":0,"href":"https:\/\/www.ayming.be\/en\/wp-json\/wp\/v2\/pages\/2378\/revisions"}],"up":[{"embeddable":true,"href":"https:\/\/www.ayming.be\/en\/wp-json\/wp\/v2\/pages\/1990"}],"wp:attachment":[{"href":"https:\/\/www.ayming.be\/en\/wp-json\/wp\/v2\/media?parent=2378"}],"curies":[{"name":"wp","href":"https:\/\/api.w.org\/{rel}","templated":true}]}}